{"id":34,"date":"2023-09-15T12:42:04","date_gmt":"2023-09-15T12:42:04","guid":{"rendered":"https:\/\/forrestfrequency.ch\/?page_id=34"},"modified":"2025-11-13T18:16:35","modified_gmt":"2025-11-13T18:16:35","slug":"tarifs-et-conditions","status":"publish","type":"page","link":"https:\/\/forrestfrequency.ch\/fr\/tarifs-et-conditions\/","title":{"rendered":"Tarifs et Conditions"},"content":{"rendered":"\t\t<div data-elementor-type=\"wp-page\" data-elementor-id=\"34\" class=\"elementor elementor-34\" data-elementor-post-type=\"page\">\n\t\t\t\t<div class=\"elementor-element elementor-element-4d0d836 e-con-full e-flex e-con e-parent\" data-id=\"4d0d836\" data-element_type=\"container\" data-e-type=\"container\" data-settings=\"{&quot;background_background&quot;:&quot;classic&quot;}\">\n\t\t\t\t<div class=\"elementor-element elementor-element-3e03328 elementor-widget elementor-widget-spacer\" data-id=\"3e03328\" data-element_type=\"widget\" data-e-type=\"widget\" data-widget_type=\"spacer.default\">\n\t\t\t\t<div class=\"elementor-widget-container\">\n\t\t\t\t\t\t\t<div class=\"elementor-spacer\">\n\t\t\t<div class=\"elementor-spacer-inner\"><\/div>\n\t\t<\/div>\n\t\t\t\t\t\t<\/div>\n\t\t\t\t<\/div>\n\t\t\t\t<div class=\"elementor-element elementor-element-15c9ac7 elementor-widget elementor-widget-heading\" data-id=\"15c9ac7\" data-element_type=\"widget\" data-e-type=\"widget\" data-widget_type=\"heading.default\">\n\t\t\t\t<div class=\"elementor-widget-container\">\n\t\t\t\t\t<h2 class=\"elementor-heading-title elementor-size-default\">Tarifs &amp; Conditions<\/h2>\t\t\t\t<\/div>\n\t\t\t\t<\/div>\n\t\t\t\t<div class=\"elementor-element elementor-element-55e29f0 elementor-widget elementor-widget-spacer\" data-id=\"55e29f0\" data-element_type=\"widget\" data-e-type=\"widget\" data-widget_type=\"spacer.default\">\n\t\t\t\t<div class=\"elementor-widget-container\">\n\t\t\t\t\t\t\t<div class=\"elementor-spacer\">\n\t\t\t<div class=\"elementor-spacer-inner\"><\/div>\n\t\t<\/div>\n\t\t\t\t\t\t<\/div>\n\t\t\t\t<\/div>\n\t\t\t\t<\/div>\n\t\t<div class=\"elementor-element elementor-element-4bc86fe e-flex e-con-boxed e-con e-parent\" data-id=\"4bc86fe\" data-element_type=\"container\" data-e-type=\"container\">\n\t\t\t\t\t<div class=\"e-con-inner\">\n\t\t<div class=\"elementor-element elementor-element-c9a6a1a e-con-full e-flex e-con e-child\" data-id=\"c9a6a1a\" data-element_type=\"container\" data-e-type=\"container\">\n\t\t\t\t<div class=\"elementor-element elementor-element-6de9f44 elementor-widget elementor-widget-heading\" data-id=\"6de9f44\" data-element_type=\"widget\" data-e-type=\"widget\" data-widget_type=\"heading.default\">\n\t\t\t\t<div class=\"elementor-widget-container\">\n\t\t\t\t\t<h1 class=\"elementor-heading-title elementor-size-default\">Accompagnement Complet<\/h1>\t\t\t\t<\/div>\n\t\t\t\t<\/div>\n\t\t\t\t<div class=\"elementor-element elementor-element-0ccf860 elementor-widget elementor-widget-text-editor\" data-id=\"0ccf860\" data-element_type=\"widget\" data-e-type=\"widget\" data-widget_type=\"text-editor.default\">\n\t\t\t\t<div class=\"elementor-widget-container\">\n\t\t\t\t\t\t\t\t\t<p class=\"font_7 wixui-rich-text__text\">Consultation de sophrologie :<\/p>\t\t\t\t\t\t\t\t<\/div>\n\t\t\t\t<\/div>\n\t\t\t\t<div class=\"elementor-element elementor-element-d58ddcd elementor-widget elementor-widget-text-editor\" data-id=\"d58ddcd\" data-element_type=\"widget\" data-e-type=\"widget\" data-widget_type=\"text-editor.default\">\n\t\t\t\t<div class=\"elementor-widget-container\">\n\t\t\t\t\t\t\t\t\t<p class=\"font_7 wixui-rich-text__text\">\u00a0Adultes: 150 CHF la s\u00e9ance de 75 minutes<\/p><p class=\"font_7 wixui-rich-text__text\">Enfants (&lt;12 ans): 110 CHF la s\u00e9ance de 45 minutes<\/p>\t\t\t\t\t\t\t\t<\/div>\n\t\t\t\t<\/div>\n\t\t\t\t<div class=\"elementor-element elementor-element-5ffbfd1 elementor-widget elementor-widget-text-editor\" data-id=\"5ffbfd1\" data-element_type=\"widget\" data-e-type=\"widget\" data-widget_type=\"text-editor.default\">\n\t\t\t\t<div class=\"elementor-widget-container\">\n\t\t\t\t\t\t\t\t\t<p>La premi\u00e8re consultation peut durer jusqu&rsquo;\u00e0 90 minutes afin de passer suffisamment de temps sur l&rsquo;anamn\u00e8se.<\/p>\t\t\t\t\t\t\t\t<\/div>\n\t\t\t\t<\/div>\n\t\t\t\t<\/div>\n\t\t<div class=\"elementor-element elementor-element-5ed808e e-con-full e-flex e-con e-child\" data-id=\"5ed808e\" data-element_type=\"container\" data-e-type=\"container\">\n\t\t\t\t<div class=\"elementor-element elementor-element-9fc6550 elementor-widget elementor-widget-heading\" data-id=\"9fc6550\" data-element_type=\"widget\" data-e-type=\"widget\" data-widget_type=\"heading.default\">\n\t\t\t\t<div class=\"elementor-widget-container\">\n\t\t\t\t\t<h1 class=\"elementor-heading-title elementor-size-default\">S\u00e9ance \"SOS D\u00e9tente\"<\/h1>\t\t\t\t<\/div>\n\t\t\t\t<\/div>\n\t\t\t\t<div class=\"elementor-element elementor-element-deda3e3 elementor-widget elementor-widget-text-editor\" data-id=\"deda3e3\" data-element_type=\"widget\" data-e-type=\"widget\" data-widget_type=\"text-editor.default\">\n\t\t\t\t<div class=\"elementor-widget-container\">\n\t\t\t\t\t\t\t\t\t<p class=\"font_7 wixui-rich-text__text\"><span class=\"wixui-rich-text__text\">S\u00e9ance de relaxation<\/span><\/p>\t\t\t\t\t\t\t\t<\/div>\n\t\t\t\t<\/div>\n\t\t\t\t<div class=\"elementor-element elementor-element-5932110 elementor-widget elementor-widget-spacer\" data-id=\"5932110\" data-element_type=\"widget\" data-e-type=\"widget\" data-widget_type=\"spacer.default\">\n\t\t\t\t<div class=\"elementor-widget-container\">\n\t\t\t\t\t\t\t<div class=\"elementor-spacer\">\n\t\t\t<div class=\"elementor-spacer-inner\"><\/div>\n\t\t<\/div>\n\t\t\t\t\t\t<\/div>\n\t\t\t\t<\/div>\n\t\t\t\t<div class=\"elementor-element elementor-element-f762516 elementor-widget elementor-widget-text-editor\" data-id=\"f762516\" data-element_type=\"widget\" data-e-type=\"widget\" data-widget_type=\"text-editor.default\">\n\t\t\t\t<div class=\"elementor-widget-container\">\n\t\t\t\t\t\t\t\t\t<p class=\"font_7 wixui-rich-text__text\">Adultes: 130 CHF la s\u00e9ance de 60 minutes<\/p>\t\t\t\t\t\t\t\t<\/div>\n\t\t\t\t<\/div>\n\t\t\t\t<\/div>\n\t\t\t\t\t<\/div>\n\t\t\t\t<\/div>\n\t\t<div class=\"elementor-element elementor-element-e1bdea0 e-flex e-con-boxed e-con e-parent\" data-id=\"e1bdea0\" data-element_type=\"container\" data-e-type=\"container\">\n\t\t\t\t\t<div class=\"e-con-inner\">\n\t\t\t\t<div class=\"elementor-element elementor-element-5d80b65 elementor-invisible elementor-widget elementor-widget-button\" data-id=\"5d80b65\" data-element_type=\"widget\" data-e-type=\"widget\" data-settings=\"{&quot;_animation&quot;:&quot;fadeInUp&quot;,&quot;_animation_delay&quot;:500}\" data-widget_type=\"button.default\">\n\t\t\t\t<div class=\"elementor-widget-container\">\n\t\t\t\t\t\t\t\t\t<div class=\"elementor-button-wrapper\">\n\t\t\t\t\t<a class=\"elementor-button elementor-button-link elementor-size-sm\" href=\"https:\/\/forrestfrequency.ch\/fr\/prendre-rendez-vous\/\">\n\t\t\t\t\t\t<span class=\"elementor-button-content-wrapper\">\n\t\t\t\t\t\t\t\t\t<span class=\"elementor-button-text\">Prendre rendez-vous<\/span>\n\t\t\t\t\t<\/span>\n\t\t\t\t\t<\/a>\n\t\t\t\t<\/div>\n\t\t\t\t\t\t\t\t<\/div>\n\t\t\t\t<\/div>\n\t\t\t\t<div class=\"elementor-element elementor-element-d3d87b0 elementor-align-center elementor-invisible elementor-widget elementor-widget-button\" data-id=\"d3d87b0\" data-element_type=\"widget\" data-e-type=\"widget\" data-settings=\"{&quot;_animation&quot;:&quot;fadeInUp&quot;,&quot;_animation_delay&quot;:500}\" data-widget_type=\"button.default\">\n\t\t\t\t<div class=\"elementor-widget-container\">\n\t\t\t\t\t\t\t\t\t<div class=\"elementor-button-wrapper\">\n\t\t\t\t\t<a class=\"elementor-button elementor-button-link elementor-size-sm\" href=\"https:\/\/forrestfrequency.ch\/fr\/contact\/\">\n\t\t\t\t\t\t<span class=\"elementor-button-content-wrapper\">\n\t\t\t\t\t\t\t\t\t<span class=\"elementor-button-text\">Contact<\/span>\n\t\t\t\t\t<\/span>\n\t\t\t\t\t<\/a>\n\t\t\t\t<\/div>\n\t\t\t\t\t\t\t\t<\/div>\n\t\t\t\t<\/div>\n\t\t\t\t\t<\/div>\n\t\t\t\t<\/div>\n\t\t<div class=\"elementor-element elementor-element-495b5d9 e-flex e-con-boxed e-con e-parent\" data-id=\"495b5d9\" data-element_type=\"container\" data-e-type=\"container\">\n\t\t\t\t\t<div class=\"e-con-inner\">\n\t\t\t\t<div class=\"elementor-element elementor-element-8a29672 elementor-widget elementor-widget-text-editor\" data-id=\"8a29672\" data-element_type=\"widget\" data-e-type=\"widget\" data-widget_type=\"text-editor.default\">\n\t\t\t\t<div class=\"elementor-widget-container\">\n\t\t\t\t\t\t\t\t\t<p style=\"text-align: center;\"><span style=\"color: #000000;\"><em>Remarques : <br \/><\/em><em>\u25cb\u00a0 \u00a0Pour les enfants, avant une premi\u00e8re consultation, veuillez me contacter au pr\u00e9alable, afin de discuter plus en d\u00e9tails<br \/>de la situation sp\u00e9cifique.<br \/><\/em>\u25cb\u00a0 \u00a0<em>Tarifs \u00e9tudiant &amp; AVS\/AI disponible sur demande<\/em><\/span><\/p>\t\t\t\t\t\t\t\t<\/div>\n\t\t\t\t<\/div>\n\t\t\t\t<div class=\"elementor-element elementor-element-a578c91 elementor-widget-divider--view-line elementor-widget elementor-widget-divider\" data-id=\"a578c91\" data-element_type=\"widget\" data-e-type=\"widget\" data-widget_type=\"divider.default\">\n\t\t\t\t<div class=\"elementor-widget-container\">\n\t\t\t\t\t\t\t<div class=\"elementor-divider\">\n\t\t\t<span class=\"elementor-divider-separator\">\n\t\t\t\t\t\t<\/span>\n\t\t<\/div>\n\t\t\t\t\t\t<\/div>\n\t\t\t\t<\/div>\n\t\t\t\t\t<\/div>\n\t\t\t\t<\/div>\n\t\t<div class=\"elementor-element elementor-element-20f942e e-flex e-con-boxed e-con e-parent\" data-id=\"20f942e\" data-element_type=\"container\" data-e-type=\"container\">\n\t\t\t\t\t<div class=\"e-con-inner\">\n\t\t\t\t<div class=\"elementor-element elementor-element-3671292 elementor-widget elementor-widget-heading\" data-id=\"3671292\" data-element_type=\"widget\" data-e-type=\"widget\" data-widget_type=\"heading.default\">\n\t\t\t\t<div class=\"elementor-widget-container\">\n\t\t\t\t\t<h1 class=\"elementor-heading-title elementor-size-default\">Conditions<\/h1>\t\t\t\t<\/div>\n\t\t\t\t<\/div>\n\t\t\t\t<div class=\"elementor-element elementor-element-ce09838 elementor-widget elementor-widget-text-editor\" data-id=\"ce09838\" data-element_type=\"widget\" data-e-type=\"widget\" data-widget_type=\"text-editor.default\">\n\t\t\t\t<div class=\"elementor-widget-container\">\n\t\t\t\t\t\t\t\t\t<p>Les s\u00e9ances peuvent \u00eatre pay\u00e9es en esp\u00e8ces ou avec Twint (\u00e0 l&rsquo;aide d&rsquo;un code QR) \u00e0 la fin de chaque s\u00e9ance.<\/p>\t\t\t\t\t\t\t\t<\/div>\n\t\t\t\t<\/div>\n\t\t\t\t<div class=\"elementor-element elementor-element-a93c8f6 elementor-widget elementor-widget-text-editor\" data-id=\"a93c8f6\" data-element_type=\"widget\" data-e-type=\"widget\" data-widget_type=\"text-editor.default\">\n\t\t\t\t<div class=\"elementor-widget-container\">\n\t\t\t\t\t\t\t\t\t<p>Toute annulation re\u00e7ue moins de 24 heures avant la session sera factur\u00e9e. Je vous remercie de votre compr\u00e9hension.<\/p>\t\t\t\t\t\t\t\t<\/div>\n\t\t\t\t<\/div>\n\t\t\t\t<div class=\"elementor-element elementor-element-474e3b6 elementor-widget elementor-widget-text-editor\" data-id=\"474e3b6\" data-element_type=\"widget\" data-e-type=\"widget\" data-widget_type=\"text-editor.default\">\n\t\t\t\t<div class=\"elementor-widget-container\">\n\t\t\t\t\t\t\t\t\t<p>L&rsquo;accr\u00e9ditation ASCA vous permettra d&rsquo;\u00eatre rembours\u00e9 la plupart du temps par votre assurance compl\u00e9mentaire suisse. Il est toutefois recommand\u00e9 de se renseigner au pr\u00e9alable aupr\u00e8s de sa caisse d&rsquo;assurance maladie.<\/p>\t\t\t\t\t\t\t\t<\/div>\n\t\t\t\t<\/div>\n\t\t<div class=\"elementor-element elementor-element-9c5786a e-con-full e-flex e-con e-child\" data-id=\"9c5786a\" data-element_type=\"container\" data-e-type=\"container\">\n\t\t\t\t<div class=\"elementor-element elementor-element-1b6d94d elementor-widget-tablet__width-initial elementor-widget elementor-widget-image\" data-id=\"1b6d94d\" data-element_type=\"widget\" data-e-type=\"widget\" data-widget_type=\"image.default\">\n\t\t\t\t<div class=\"elementor-widget-container\">\n\t\t\t\t\t\t\t\t\t\t\t\t\t\t\t\t<a href=\"https:\/\/asca.ch\/\" target=\"_blank\">\n\t\t\t\t\t\t\t<img decoding=\"async\" width=\"100\" height=\"50\" src=\"https:\/\/forrestfrequency.ch\/wp-content\/uploads\/2025\/01\/logo-asca-400x200-1-e1738161385125.png\" class=\"attachment-full size-full wp-image-2584\" alt=\"\" \/>\t\t\t\t\t\t\t\t<\/a>\n\t\t\t\t\t\t\t\t\t\t\t\t\t\t\t<\/div>\n\t\t\t\t<\/div>\n\t\t\t\t<\/div>\n\t\t\t\t\t<\/div>\n\t\t\t\t<\/div>\n\t\t<div class=\"elementor-element elementor-element-a89141f e-flex e-con-boxed e-con e-parent\" data-id=\"a89141f\" data-element_type=\"container\" data-e-type=\"container\">\n\t\t\t\t\t<div class=\"e-con-inner\">\n\t\t\t\t<div class=\"elementor-element elementor-element-8283118 elementor-widget elementor-widget-text-editor\" data-id=\"8283118\" data-element_type=\"widget\" data-e-type=\"widget\" data-widget_type=\"text-editor.default\">\n\t\t\t\t<div class=\"elementor-widget-container\">\n\t\t\t\t\t\t\t\t\t<p><span style=\"color: #000000;\">Le label de qualit\u00e9\u00a0<a href=\"http:\/\/asca.ch\" target=\"_blank\" rel=\"noopener\">ASCA<\/a>\u00a0est une\u00a0<strong>r\u00e9f\u00e9rence connue et reconnue<\/strong> par de nombreux \u00e9coles de formation, associations professionnelles, autorit\u00e9s ainsi que par le grand public et regroupe d&rsquo;importants\u00a0\u00a0<a href=\"https:\/\/asca.ch\/partenaires\/assureurs\/\" target=\"_blank\" rel=\"noopener\">assureurs partenaires<\/a>:<\/span><\/p>\t\t\t\t\t\t\t\t<\/div>\n\t\t\t\t<\/div>\n\t\t\t\t\t<\/div>\n\t\t\t\t<\/div>\n\t\t<div class=\"elementor-element elementor-element-02eac20 e-flex e-con-boxed e-con e-parent\" data-id=\"02eac20\" data-element_type=\"container\" data-e-type=\"container\">\n\t\t\t\t\t<div class=\"e-con-inner\">\n\t\t<div class=\"elementor-element elementor-element-6c39cf1 e-con-full e-flex e-con e-child\" data-id=\"6c39cf1\" data-element_type=\"container\" data-e-type=\"container\">\n\t\t\t\t<div class=\"elementor-element elementor-element-4d2aacf elementor-widget elementor-widget-text-editor\" data-id=\"4d2aacf\" data-element_type=\"widget\" data-e-type=\"widget\" data-widget_type=\"text-editor.default\">\n\t\t\t\t<div class=\"elementor-widget-container\">\n\t\t\t\t\t\t\t\t\t<p style=\"text-align: center;\">\u25cb\u00a0 \u00a0<a href=\"https:\/\/www.groupemutuel.ch\/\" target=\"_blank\" rel=\"noopener\">Groupe Mutuel<\/a><br \/>\u25cb\u00a0 \u00a0<a href=\"https:\/\/www.assura.ch\/fr\" target=\"_blank\" rel=\"noopener\">Assura<\/a><br \/>\u25cb\u00a0 \u00a0<a href=\"https:\/\/www.axa.ch\/\" target=\"_blank\" rel=\"noopener\">Axa<\/a><br \/>\u25cb\u00a0 \u00a0<a href=\"https:\/\/www.css.ch\/\" target=\"_blank\" rel=\"noopener\">CSS Assurance SA<\/a><br \/>\u25cb\u00a0 \u00a0<a href=\"https:\/\/www.helsana.ch\/\" target=\"_blank\" rel=\"noopener\">Helsana<\/a><br \/>\u25cb\u00a0 \u00a0<a href=\"https:\/\/www.klug.ch\/\" target=\"_blank\" rel=\"noopener\">Klug<\/a><br \/>\u25cb\u00a0 \u00a0<a href=\"https:\/\/www.kpt.ch\/\" target=\"_blank\" rel=\"noopener\">KPT<\/a><\/p>\t\t\t\t\t\t\t\t<\/div>\n\t\t\t\t<\/div>\n\t\t\t\t<\/div>\n\t\t<div class=\"elementor-element elementor-element-2213f69 e-con-full e-flex e-con e-child\" data-id=\"2213f69\" data-element_type=\"container\" data-e-type=\"container\">\n\t\t\t\t<div class=\"elementor-element elementor-element-00b4904 elementor-widget elementor-widget-text-editor\" data-id=\"00b4904\" data-element_type=\"widget\" data-e-type=\"widget\" data-widget_type=\"text-editor.default\">\n\t\t\t\t<div class=\"elementor-widget-container\">\n\t\t\t\t\t\t\t\t\t<p style=\"text-align: center;\">\u25cb\u00a0 \u00a0<a href=\"https:\/\/www.sanitas.com\/\" target=\"_blank\" rel=\"noopener\">Sanitas<\/a><br \/>\u25cb\u00a0 \u00a0<a href=\"https:\/\/www.swica.ch\/\" target=\"_blank\" rel=\"noopener\">Swica<\/a><br \/>\u25cb\u00a0 \u00a0<a href=\"https:\/\/www.sympany.ch\/\" target=\"_blank\" rel=\"noopener\">Sympany<\/a><br \/>\u25cb\u00a0 \u00a0<a href=\"https:\/\/www.fkb.li\/\" target=\"_blank\" rel=\"noopener\">FKB<\/a><br \/>\u25cb\u00a0 \u00a0<a href=\"https:\/\/rhenusana.ch\/\" target=\"_blank\" rel=\"noopener\">Rhenusana<\/a><br \/>\u25cb\u00a0 \u00a0<a href=\"https:\/\/www.kkwaedenswil.ch\/\" target=\"_blank\" rel=\"noopener\">Caisse Maladie de W\u00e4denswil<\/a><\/p>\t\t\t\t\t\t\t\t<\/div>\n\t\t\t\t<\/div>\n\t\t\t\t<\/div>\n\t\t\t\t\t<\/div>\n\t\t\t\t<\/div>\n\t\t\t\t<\/div>\n\t\t","protected":false},"excerpt":{"rendered":"<p>Tarifs &amp; Conditions Accompagnement Complet Consultation de sophrologie : \u00a0Adultes: 150 CHF la s\u00e9ance de 75 minutes Enfants (&lt;12 ans): 110 CHF la s\u00e9ance de 45 minutes La premi\u00e8re consultation peut durer jusqu&rsquo;\u00e0 90 minutes afin de passer suffisamment de temps sur l&rsquo;anamn\u00e8se. S\u00e9ance \u00ab\u00a0SOS D\u00e9tente\u00a0\u00bb S\u00e9ance de relaxation Adultes: 130 CHF la s\u00e9ance de [&hellip;]<\/p>\n","protected":false},"author":2,"featured_media":0,"parent":0,"menu_order":0,"comment_status":"closed","ping_status":"closed","template":"elementor_header_footer","meta":{"_monsterinsights_skip_tracking":false,"_monsterinsights_sitenote_active":false,"_monsterinsights_sitenote_note":"","_monsterinsights_sitenote_category":0,"footnotes":""},"class_list":["post-34","page","type-page","status-publish","hentry"],"_links":{"self":[{"href":"https:\/\/forrestfrequency.ch\/fr\/wp-json\/wp\/v2\/pages\/34","targetHints":{"allow":["GET"]}}],"collection":[{"href":"https:\/\/forrestfrequency.ch\/fr\/wp-json\/wp\/v2\/pages"}],"about":[{"href":"https:\/\/forrestfrequency.ch\/fr\/wp-json\/wp\/v2\/types\/page"}],"author":[{"embeddable":true,"href":"https:\/\/forrestfrequency.ch\/fr\/wp-json\/wp\/v2\/users\/2"}],"replies":[{"embeddable":true,"href":"https:\/\/forrestfrequency.ch\/fr\/wp-json\/wp\/v2\/comments?post=34"}],"version-history":[{"count":5,"href":"https:\/\/forrestfrequency.ch\/fr\/wp-json\/wp\/v2\/pages\/34\/revisions"}],"predecessor-version":[{"id":3403,"href":"https:\/\/forrestfrequency.ch\/fr\/wp-json\/wp\/v2\/pages\/34\/revisions\/3403"}],"wp:attachment":[{"href":"https:\/\/forrestfrequency.ch\/fr\/wp-json\/wp\/v2\/media?parent=34"}],"curies":[{"name":"wp","href":"https:\/\/api.w.org\/{rel}","templated":true}]}}