{"id":193,"date":"2023-09-19T08:39:20","date_gmt":"2023-09-19T08:39:20","guid":{"rendered":"https:\/\/forrestfrequency.ch\/?page_id=193"},"modified":"2025-05-29T12:03:54","modified_gmt":"2025-05-29T12:03:54","slug":"a-propos","status":"publish","type":"page","link":"https:\/\/forrestfrequency.ch\/fr\/a-propos\/","title":{"rendered":"A propos"},"content":{"rendered":"\t\t<div data-elementor-type=\"wp-page\" data-elementor-id=\"193\" class=\"elementor elementor-193\" data-elementor-post-type=\"page\">\n\t\t\t\t<div class=\"elementor-element elementor-element-562206d e-con-full e-flex e-con e-parent\" data-id=\"562206d\" data-element_type=\"container\" data-e-type=\"container\" data-settings=\"{&quot;background_background&quot;:&quot;classic&quot;}\">\n\t\t\t\t<div class=\"elementor-element elementor-element-3d03a32 elementor-widget elementor-widget-spacer\" data-id=\"3d03a32\" data-element_type=\"widget\" data-e-type=\"widget\" data-widget_type=\"spacer.default\">\n\t\t\t\t<div class=\"elementor-widget-container\">\n\t\t\t\t\t\t\t<div class=\"elementor-spacer\">\n\t\t\t<div class=\"elementor-spacer-inner\"><\/div>\n\t\t<\/div>\n\t\t\t\t\t\t<\/div>\n\t\t\t\t<\/div>\n\t\t\t\t<div class=\"elementor-element elementor-element-666eeb1 elementor-widget elementor-widget-heading\" data-id=\"666eeb1\" data-element_type=\"widget\" data-e-type=\"widget\" data-widget_type=\"heading.default\">\n\t\t\t\t<div class=\"elementor-widget-container\">\n\t\t\t\t\t<h1 class=\"elementor-heading-title elementor-size-default\">\u00c0 PROPOS<\/h1>\t\t\t\t<\/div>\n\t\t\t\t<\/div>\n\t\t\t\t<div class=\"elementor-element elementor-element-93dec5f elementor-widget elementor-widget-spacer\" data-id=\"93dec5f\" data-element_type=\"widget\" data-e-type=\"widget\" data-widget_type=\"spacer.default\">\n\t\t\t\t<div class=\"elementor-widget-container\">\n\t\t\t\t\t\t\t<div class=\"elementor-spacer\">\n\t\t\t<div class=\"elementor-spacer-inner\"><\/div>\n\t\t<\/div>\n\t\t\t\t\t\t<\/div>\n\t\t\t\t<\/div>\n\t\t\t\t<\/div>\n\t\t<div class=\"elementor-element elementor-element-e3ac2f9 e-flex e-con-boxed e-con e-parent\" data-id=\"e3ac2f9\" data-element_type=\"container\" data-e-type=\"container\">\n\t\t\t\t\t<div class=\"e-con-inner\">\n\t\t<div class=\"elementor-element elementor-element-dd1e38f e-con-full e-flex e-con e-child\" data-id=\"dd1e38f\" data-element_type=\"container\" data-e-type=\"container\">\n\t\t\t\t<div class=\"elementor-element elementor-element-c4868db elementor-invisible elementor-widget elementor-widget-heading\" data-id=\"c4868db\" data-element_type=\"widget\" data-e-type=\"widget\" data-settings=\"{&quot;_animation&quot;:&quot;fadeInRight&quot;,&quot;_animation_delay&quot;:300}\" data-widget_type=\"heading.default\">\n\t\t\t\t<div class=\"elementor-widget-container\">\n\t\t\t\t\t<h2 class=\"elementor-heading-title elementor-size-default\">Tout a commenc\u00e9 avec\nun mal de dos\n<\/h2>\t\t\t\t<\/div>\n\t\t\t\t<\/div>\n\t\t\t\t<div class=\"elementor-element elementor-element-c5a7cfa elementor-widget elementor-widget-heading\" data-id=\"c5a7cfa\" data-element_type=\"widget\" data-e-type=\"widget\" data-widget_type=\"heading.default\">\n\t\t\t\t<div class=\"elementor-widget-container\">\n\t\t\t\t\t<h2 class=\"elementor-heading-title elementor-size-default\">Th\u00e9rapeute, consultant et professeur de yoga, j'ai une profonde curiosit\u00e9 pour l'exploration de l'esprit et des dialogues int\u00e9rieurs qui fa\u00e7onnent notre comportement et nos exp\u00e9riences de vie. \n<br><br>\nEssentiellement, tout a commenc\u00e9 par des probl\u00e8mes de dos. \u00c0 l'\u00e2ge de 18 ans, je souffrais de douleurs dorsales sans cause apparente. Ma grand-m\u00e8re m'a fait d\u00e9couvrir une s\u00e9rie d'\u00e9tirements inspir\u00e9s du yoga, qui ont contribu\u00e9 \u00e0 soulager ces douleurs. \u00c0 partir de ce moment-l\u00e0, il n'y a plus eu de retour en arri\u00e8re.\n<br><br>\nDe simples \u00e9tirements se sont transform\u00e9s en une v\u00e9ritable passion pour le yoga, gr\u00e2ce \u00e0 laquelle j'ai d\u00e9couvert la pleine conscience et la sophrologie. J'ai commenc\u00e9 \u00e0 appliquer ces diff\u00e9rents principes dans ma vie quotidienne et j'ai rapidement remarqu\u00e9 que ma qualit\u00e9 de vie s'am\u00e9liorait. Je trouvais plus d'abondance dans tous les aspects de la vie ; j'\u00e9tais plus heureux, en meilleure sant\u00e9 et je cr\u00e9ais des liens plus profonds dans toutes mes relations !\n<br><br>\nEn tant qu'ing\u00e9nieur et penseur rationnel, ces d\u00e9couvertes \u00e9taient parfois en contradiction avec mon parcours. Cependant, j'ai finalement d\u00e9cid\u00e9 de changer radicalement de carri\u00e8re. J'ai quitt\u00e9 mon poste d'ing\u00e9nieur environnemental \u00e0 plein temps, et ai d\u00e9cid\u00e9 de partager avec le monde la joie que j'avais d\u00e9couverte en suivant mes passions.\n<br><br>Je me suis rendu compte que tout est une question d'\u00e9tat d'esprit. Tout le monde a le choix et la capacit\u00e9 de cr\u00e9er des changements dans sa vie.\n<br><br>\nAvec un peu de pers\u00e9v\u00e9rance, des bons conseils et l'envie de changer, tout peut \u00eatre accompli !\n\n<\/h2>\t\t\t\t<\/div>\n\t\t\t\t<\/div>\n\t\t\t\t<div class=\"elementor-element elementor-element-7dafa40 elementor-align-left elementor-widget elementor-widget-button\" data-id=\"7dafa40\" data-element_type=\"widget\" data-e-type=\"widget\" data-widget_type=\"button.default\">\n\t\t\t\t<div class=\"elementor-widget-container\">\n\t\t\t\t\t\t\t\t\t<div class=\"elementor-button-wrapper\">\n\t\t\t\t\t<a class=\"elementor-button elementor-button-link elementor-size-sm\" href=\"https:\/\/forrestfrequency.ch\/sophrology-1-to-1\/\">\n\t\t\t\t\t\t<span class=\"elementor-button-content-wrapper\">\n\t\t\t\t\t\t\t\t\t<span class=\"elementor-button-text\">Cr\u00e9ons ensemble un changement positif et durable<\/span>\n\t\t\t\t\t<\/span>\n\t\t\t\t\t<\/a>\n\t\t\t\t<\/div>\n\t\t\t\t\t\t\t\t<\/div>\n\t\t\t\t<\/div>\n\t\t\t\t<\/div>\n\t\t<div class=\"elementor-element elementor-element-2059f03 e-con-full e-flex e-con e-child\" data-id=\"2059f03\" data-element_type=\"container\" data-e-type=\"container\" data-settings=\"{&quot;background_background&quot;:&quot;classic&quot;}\">\n\t\t\t\t<div class=\"elementor-element elementor-element-a7a43c2 elementor-widget elementor-widget-image\" data-id=\"a7a43c2\" data-element_type=\"widget\" data-e-type=\"widget\" data-widget_type=\"image.default\">\n\t\t\t\t<div class=\"elementor-widget-container\">\n\t\t\t\t\t\t\t\t\t\t\t\t\t\t\t<img fetchpriority=\"high\" decoding=\"async\" width=\"384\" height=\"512\" src=\"https:\/\/forrestfrequency.ch\/wp-content\/uploads\/2024\/10\/1000055224.jpg\" class=\"attachment-full size-full wp-image-2571\" alt=\"\" srcset=\"https:\/\/forrestfrequency.ch\/wp-content\/uploads\/2024\/10\/1000055224.jpg 384w, https:\/\/forrestfrequency.ch\/wp-content\/uploads\/2024\/10\/1000055224-225x300.jpg 225w, https:\/\/forrestfrequency.ch\/wp-content\/uploads\/2024\/10\/1000055224-9x12.jpg 9w\" sizes=\"(max-width: 384px) 100vw, 384px\" \/>\t\t\t\t\t\t\t\t\t\t\t\t\t\t\t<\/div>\n\t\t\t\t<\/div>\n\t\t\t\t<\/div>\n\t\t\t\t\t<\/div>\n\t\t\t\t<\/div>\n\t\t<div class=\"elementor-element elementor-element-1772b52 e-flex e-con-boxed e-con e-parent\" data-id=\"1772b52\" data-element_type=\"container\" data-e-type=\"container\">\n\t\t\t\t\t<div class=\"e-con-inner\">\n\t\t\t\t<div class=\"elementor-element elementor-element-54c1fc0 elementor-widget-divider--view-line elementor-widget elementor-widget-divider\" data-id=\"54c1fc0\" data-element_type=\"widget\" data-e-type=\"widget\" data-widget_type=\"divider.default\">\n\t\t\t\t<div class=\"elementor-widget-container\">\n\t\t\t\t\t\t\t<div class=\"elementor-divider\">\n\t\t\t<span class=\"elementor-divider-separator\">\n\t\t\t\t\t\t<\/span>\n\t\t<\/div>\n\t\t\t\t\t\t<\/div>\n\t\t\t\t<\/div>\n\t\t\t\t<div class=\"elementor-element elementor-element-6875809 elementor-widget elementor-widget-heading\" data-id=\"6875809\" data-element_type=\"widget\" data-e-type=\"widget\" data-widget_type=\"heading.default\">\n\t\t\t\t<div class=\"elementor-widget-container\">\n\t\t\t\t\t<h2 class=\"elementor-heading-title elementor-size-default\">\"Utilisez votre sourire pour changer le monde,\nne laissez pas le monde changer votre sourire.\"\n<\/h2>\t\t\t\t<\/div>\n\t\t\t\t<\/div>\n\t\t\t\t<div class=\"elementor-element elementor-element-ae35a8f elementor-widget elementor-widget-heading\" data-id=\"ae35a8f\" data-element_type=\"widget\" data-e-type=\"widget\" data-widget_type=\"heading.default\">\n\t\t\t\t<div class=\"elementor-widget-container\">\n\t\t\t\t\t<h2 class=\"elementor-heading-title elementor-size-default\">Proverbe chinois<\/h2>\t\t\t\t<\/div>\n\t\t\t\t<\/div>\n\t\t\t\t<div class=\"elementor-element elementor-element-00fbb82 elementor-widget-divider--view-line elementor-widget elementor-widget-divider\" data-id=\"00fbb82\" data-element_type=\"widget\" data-e-type=\"widget\" data-widget_type=\"divider.default\">\n\t\t\t\t<div class=\"elementor-widget-container\">\n\t\t\t\t\t\t\t<div class=\"elementor-divider\">\n\t\t\t<span class=\"elementor-divider-separator\">\n\t\t\t\t\t\t<\/span>\n\t\t<\/div>\n\t\t\t\t\t\t<\/div>\n\t\t\t\t<\/div>\n\t\t\t\t\t<\/div>\n\t\t\t\t<\/div>\n\t\t<div class=\"elementor-element elementor-element-dccc867 e-flex e-con-boxed e-con e-parent\" data-id=\"dccc867\" data-element_type=\"container\" data-e-type=\"container\" id=\"myvalues\">\n\t\t\t\t\t<div class=\"e-con-inner\">\n\t\t<div class=\"elementor-element elementor-element-0d92eda e-con-full e-flex e-con e-child\" data-id=\"0d92eda\" data-element_type=\"container\" data-e-type=\"container\" data-settings=\"{&quot;background_background&quot;:&quot;classic&quot;}\">\n\t\t\t\t<div class=\"elementor-element elementor-element-5b4560c elementor-widget elementor-widget-image\" data-id=\"5b4560c\" data-element_type=\"widget\" data-e-type=\"widget\" data-widget_type=\"image.default\">\n\t\t\t\t<div class=\"elementor-widget-container\">\n\t\t\t\t\t\t\t\t\t\t\t\t\t\t\t<img decoding=\"async\" width=\"624\" height=\"721\" src=\"https:\/\/forrestfrequency.ch\/wp-content\/uploads\/2023\/09\/23d3b8_9b8ca630035c446ba4e085ad84058cecmv2-e1695913022189.webp\" class=\"attachment-full size-full wp-image-216\" alt=\"Lausanne Sophrologie\" srcset=\"https:\/\/forrestfrequency.ch\/wp-content\/uploads\/2023\/09\/23d3b8_9b8ca630035c446ba4e085ad84058cecmv2-e1695913022189.webp 624w, https:\/\/forrestfrequency.ch\/wp-content\/uploads\/2023\/09\/23d3b8_9b8ca630035c446ba4e085ad84058cecmv2-e1695913022189-260x300.webp 260w, https:\/\/forrestfrequency.ch\/wp-content\/uploads\/2023\/09\/23d3b8_9b8ca630035c446ba4e085ad84058cecmv2-e1695913022189-10x12.webp 10w\" sizes=\"(max-width: 624px) 100vw, 624px\" \/>\t\t\t\t\t\t\t\t\t\t\t\t\t\t\t<\/div>\n\t\t\t\t<\/div>\n\t\t\t\t<\/div>\n\t\t<div class=\"elementor-element elementor-element-d96d581 e-con-full e-flex e-con e-child\" data-id=\"d96d581\" data-element_type=\"container\" data-e-type=\"container\">\n\t\t\t\t<div class=\"elementor-element elementor-element-5ef0b44 elementor-invisible elementor-widget elementor-widget-heading\" data-id=\"5ef0b44\" data-element_type=\"widget\" data-e-type=\"widget\" data-settings=\"{&quot;_animation&quot;:&quot;fadeInRight&quot;,&quot;_animation_delay&quot;:300}\" data-widget_type=\"heading.default\">\n\t\t\t\t<div class=\"elementor-widget-container\">\n\t\t\t\t\t<h2 class=\"elementor-heading-title elementor-size-default\">Mes valeurs<\/h2>\t\t\t\t<\/div>\n\t\t\t\t<\/div>\n\t\t\t\t<div class=\"elementor-element elementor-element-82a9ec3 elementor-widget elementor-widget-text-editor\" data-id=\"82a9ec3\" data-element_type=\"widget\" data-e-type=\"widget\" data-widget_type=\"text-editor.default\">\n\t\t\t\t<div class=\"elementor-widget-container\">\n\t\t\t\t\t\t\t\t\t<ul>\n<li><strong>\u00c9coute active et empathie :<\/strong>&nbsp;Je mets tout en \u0153uvre pour que vous vous sentiez entendu, gr\u00e2ce \u00e0 une \u00e9coute active, ajust\u00e9e et respectueuse, ainsi qu&rsquo;avec des questions d\u00e9taill\u00e9es et pr\u00e9cises. L&rsquo;ensemble du processus est guid\u00e9 par l&#8217;empathie, ce qui vous permet de voir que je comprends vos sentiments, vos mots, votre exp\u00e9rience, sans \u00eatre \u00e0 votre place.<\/li>\n<\/ul>\n<ul>\n<li><strong>Bienveillance et respect :<\/strong>&nbsp;Je suis l\u00e0 pour vous \u00e9couter et vous aider, en toute neutralit\u00e9.<\/li>\n<li><strong>Confiance :<\/strong>&nbsp;J&rsquo;\u00e9tablis toujours une relation de confiance mutuelle, bas\u00e9e sur la confidentialit\u00e9 totale de nos \u00e9changes.<\/li>\n<li><strong>Engagement et sinc\u00e9rit\u00e9 :&nbsp;<\/strong>Je m&rsquo;engage \u00e0 vous soutenir au mieux de mes capacit\u00e9s, en utilisant toutes mes comp\u00e9tences et mon exp\u00e9rience pour provoquer le changement souhait\u00e9. Si j&rsquo;identifie que votre probl\u00e8me d\u00e9passe mon champ d&rsquo;expertise, je vous ferai part de mes interrogations en toute sinc\u00e9rit\u00e9, et vous orienterai vers d&rsquo;autres professionnels de mon r\u00e9seau qui pourraient \u00eatre mieux \u00e0 m\u00eame de vous aider.<\/li>\n<li><strong>Adaptabilit\u00e9 :<\/strong>&nbsp;chaque s\u00e9ance est adapt\u00e9e \u00e0 la personne, \u00e0 ses besoins, \u00e0 ses d\u00e9sirs et \u00e0 sa disponibilit\u00e9.<\/li>\n<li><strong>Expertise :<\/strong>&nbsp;Je suis en constante \u00e9volution, je continue d&rsquo;apprendre et je ne pratique que dans mon domaine.<\/li>\n<\/ul>\t\t\t\t\t\t\t\t<\/div>\n\t\t\t\t<\/div>\n\t\t\t\t<\/div>\n\t\t\t\t\t<\/div>\n\t\t\t\t<\/div>\n\t\t<div class=\"elementor-element elementor-element-6fa6f7b e-flex e-con-boxed e-con e-parent\" data-id=\"6fa6f7b\" data-element_type=\"container\" data-e-type=\"container\">\n\t\t\t\t\t<div class=\"e-con-inner\">\n\t\t<div class=\"elementor-element elementor-element-49d2d34 e-con-full e-flex e-con e-child\" data-id=\"49d2d34\" data-element_type=\"container\" data-e-type=\"container\">\n\t\t\t\t<div class=\"elementor-element elementor-element-5f235c2 elementor-invisible elementor-widget elementor-widget-heading\" data-id=\"5f235c2\" data-element_type=\"widget\" data-e-type=\"widget\" data-settings=\"{&quot;_animation&quot;:&quot;fadeInRight&quot;,&quot;_animation_delay&quot;:300}\" data-widget_type=\"heading.default\">\n\t\t\t\t<div class=\"elementor-widget-container\">\n\t\t\t\t\t<h2 class=\"elementor-heading-title elementor-size-default\">Quelques faits :<\/h2>\t\t\t\t<\/div>\n\t\t\t\t<\/div>\n\t\t\t\t<div class=\"elementor-element elementor-element-9f3b9eb elementor-widget elementor-widget-text-editor\" data-id=\"9f3b9eb\" data-element_type=\"widget\" data-e-type=\"widget\" data-widget_type=\"text-editor.default\">\n\t\t\t\t<div class=\"elementor-widget-container\">\n\t\t\t\t\t\t\t\t\t<ul><li>J&rsquo;ai grandi dans un petit village suisse, et le son des cloches des vaches au loin me manque souvent.<\/li><li>Avec une formation en ing\u00e9nierie environnementale, j&rsquo;ai travaill\u00e9 pour des grandes entreprises multinationales ainsi que pour des petites ONG locales, dans 7 pays diff\u00e9rents, en Europe, en Asie et en Afrique.<\/li><li>Esprit cr\u00e9atif, j&rsquo;aime prendre le temps de jouer de la musique, de peindre ou de r\u00e9aliser des ateliers artistiques.<\/li><li>Constamment curieux, je suis passionn\u00e9 par l&rsquo;inconnu. J&rsquo;aime sortir des sentiers battus pour essayer de nouvelles choses, qu&rsquo;il s&rsquo;agisse de go\u00fbter un nouveau plat, de rencontrer de nouvelles personnes ou de d\u00e9couvrir une autre culture. Je crois fermement que sortir de notre zone de confort est l&rsquo;un des meilleurs moyens de grandir en tant que personne.<\/li><\/ul>\t\t\t\t\t\t\t\t<\/div>\n\t\t\t\t<\/div>\n\t\t\t\t<div class=\"elementor-element elementor-element-d28a9ab elementor-invisible elementor-widget elementor-widget-heading\" data-id=\"d28a9ab\" data-element_type=\"widget\" data-e-type=\"widget\" data-settings=\"{&quot;_animation&quot;:&quot;fadeInRight&quot;,&quot;_animation_delay&quot;:300}\" data-widget_type=\"heading.default\">\n\t\t\t\t<div class=\"elementor-widget-container\">\n\t\t\t\t\t<h2 class=\"elementor-heading-title elementor-size-default\">Certifications<\/h2>\t\t\t\t<\/div>\n\t\t\t\t<\/div>\n\t\t\t\t<div class=\"elementor-element elementor-element-734fa7d elementor-widget elementor-widget-heading\" data-id=\"734fa7d\" data-element_type=\"widget\" data-e-type=\"widget\" data-widget_type=\"heading.default\">\n\t\t\t\t<div class=\"elementor-widget-container\">\n\t\t\t\t\t<h2 class=\"elementor-heading-title elementor-size-default\">\u2022  Graines d'\u00e9veil, L'art de poser les bonnes questions, Suisse - 2024\n<br><br>\n\u2022  Graines d'\u00e9veil, Base en PNL, Suisse - 2023\n<br><br>\n\u2022  ISY, Suisse: Sophrology Certification - 2021 to 2022\n<br><br>\n\u2022  Pratham Yoga, Inde: 200 hours YTTC - 2020\n<br><br>\n\u2022  Acad\u00e9mie Sonore Suisse, Certification Bain Sonore - 2019\n<br><br>\n\u2022  DTU, Danemark: Master in Environmental Engineering - 2015 to 2017\n<br><br>\n\u2022  HZ University, Pays-Bas: Bachelor in Water management - 2010 to 2014\n\n\n\n\n\n\n<\/h2>\t\t\t\t<\/div>\n\t\t\t\t<\/div>\n\t\t\t\t<\/div>\n\t\t<div class=\"elementor-element elementor-element-a30a850 e-flex e-con-boxed e-con e-child\" data-id=\"a30a850\" data-element_type=\"container\" data-e-type=\"container\" data-settings=\"{&quot;background_background&quot;:&quot;classic&quot;}\">\n\t\t\t\t\t<div class=\"e-con-inner\">\n\t\t\t\t<div class=\"elementor-element elementor-element-74ef7d8 elementor-widget elementor-widget-image\" data-id=\"74ef7d8\" data-element_type=\"widget\" data-e-type=\"widget\" data-widget_type=\"image.default\">\n\t\t\t\t<div class=\"elementor-widget-container\">\n\t\t\t\t\t\t\t\t\t\t\t\t\t\t\t<img decoding=\"async\" width=\"660\" height=\"785\" src=\"https:\/\/forrestfrequency.ch\/wp-content\/uploads\/2023\/09\/23d3b8_efa7f6c1327b414ebe75fade86650c3bmv2.webp\" class=\"attachment-full size-full wp-image-217\" alt=\"\" srcset=\"https:\/\/forrestfrequency.ch\/wp-content\/uploads\/2023\/09\/23d3b8_efa7f6c1327b414ebe75fade86650c3bmv2.webp 660w, https:\/\/forrestfrequency.ch\/wp-content\/uploads\/2023\/09\/23d3b8_efa7f6c1327b414ebe75fade86650c3bmv2-252x300.webp 252w\" sizes=\"(max-width: 660px) 100vw, 660px\" \/>\t\t\t\t\t\t\t\t\t\t\t\t\t\t\t<\/div>\n\t\t\t\t<\/div>\n\t\t\t\t\t<\/div>\n\t\t\t\t<\/div>\n\t\t\t\t\t<\/div>\n\t\t\t\t<\/div>\n\t\t\t\t<\/div>\n\t\t","protected":false},"excerpt":{"rendered":"<p>\u00c0 PROPOS Tout a commenc\u00e9 avec un mal de dos Th\u00e9rapeute, consultant et professeur de yoga, j&rsquo;ai une profonde curiosit\u00e9 pour l&rsquo;exploration de l&rsquo;esprit et des dialogues int\u00e9rieurs qui fa\u00e7onnent notre comportement et nos exp\u00e9riences de vie. Essentiellement, tout a commenc\u00e9 par des probl\u00e8mes de dos. \u00c0 l&rsquo;\u00e2ge de 18 ans, je souffrais de douleurs [&hellip;]<\/p>\n","protected":false},"author":2,"featured_media":0,"parent":0,"menu_order":0,"comment_status":"closed","ping_status":"closed","template":"elementor_header_footer","meta":{"_monsterinsights_skip_tracking":false,"_monsterinsights_sitenote_active":false,"_monsterinsights_sitenote_note":"","_monsterinsights_sitenote_category":0,"footnotes":""},"class_list":["post-193","page","type-page","status-publish","hentry"],"_links":{"self":[{"href":"https:\/\/forrestfrequency.ch\/fr\/wp-json\/wp\/v2\/pages\/193","targetHints":{"allow":["GET"]}}],"collection":[{"href":"https:\/\/forrestfrequency.ch\/fr\/wp-json\/wp\/v2\/pages"}],"about":[{"href":"https:\/\/forrestfrequency.ch\/fr\/wp-json\/wp\/v2\/types\/page"}],"author":[{"embeddable":true,"href":"https:\/\/forrestfrequency.ch\/fr\/wp-json\/wp\/v2\/users\/2"}],"replies":[{"embeddable":true,"href":"https:\/\/forrestfrequency.ch\/fr\/wp-json\/wp\/v2\/comments?post=193"}],"version-history":[{"count":5,"href":"https:\/\/forrestfrequency.ch\/fr\/wp-json\/wp\/v2\/pages\/193\/revisions"}],"predecessor-version":[{"id":3038,"href":"https:\/\/forrestfrequency.ch\/fr\/wp-json\/wp\/v2\/pages\/193\/revisions\/3038"}],"wp:attachment":[{"href":"https:\/\/forrestfrequency.ch\/fr\/wp-json\/wp\/v2\/media?parent=193"}],"curies":[{"name":"wp","href":"https:\/\/api.w.org\/{rel}","templated":true}]}}