{"id":193,"date":"2023-09-19T08:39:20","date_gmt":"2023-09-19T08:39:20","guid":{"rendered":"https:\/\/forrestfrequency.ch\/?page_id=193"},"modified":"2025-05-29T12:03:54","modified_gmt":"2025-05-29T12:03:54","slug":"a-propos","status":"publish","type":"page","link":"https:\/\/forrestfrequency.ch\/en\/a-propos\/","title":{"rendered":"A propos"},"content":{"rendered":"<div data-elementor-type=\"wp-page\" data-elementor-id=\"193\" class=\"elementor elementor-193\" data-elementor-post-type=\"page\">\n\t\t\t\t<div class=\"elementor-element elementor-element-562206d e-con-full e-flex e-con e-parent\" data-id=\"562206d\" data-element_type=\"container\" data-e-type=\"container\" data-settings=\"{&quot;background_background&quot;:&quot;classic&quot;}\">\n\t\t\t\t<div class=\"elementor-element elementor-element-3d03a32 elementor-widget elementor-widget-spacer\" data-id=\"3d03a32\" data-element_type=\"widget\" data-e-type=\"widget\" data-widget_type=\"spacer.default\">\n\t\t\t\t<div class=\"elementor-widget-container\">\n\t\t\t\t\t\t\t<div class=\"elementor-spacer\">\n\t\t\t<div class=\"elementor-spacer-inner\"><\/div>\n\t\t<\/div>\n\t\t\t\t\t\t<\/div>\n\t\t\t\t<\/div>\n\t\t\t\t<div class=\"elementor-element elementor-element-666eeb1 elementor-widget elementor-widget-heading\" data-id=\"666eeb1\" data-element_type=\"widget\" data-e-type=\"widget\" data-widget_type=\"heading.default\">\n\t\t\t\t<div class=\"elementor-widget-container\">\n\t\t\t\t\t<h1 class=\"elementor-heading-title elementor-size-default\">About<\/h1>\t\t\t\t<\/div>\n\t\t\t\t<\/div>\n\t\t\t\t<div class=\"elementor-element elementor-element-93dec5f elementor-widget elementor-widget-spacer\" data-id=\"93dec5f\" data-element_type=\"widget\" data-e-type=\"widget\" data-widget_type=\"spacer.default\">\n\t\t\t\t<div class=\"elementor-widget-container\">\n\t\t\t\t\t\t\t<div class=\"elementor-spacer\">\n\t\t\t<div class=\"elementor-spacer-inner\"><\/div>\n\t\t<\/div>\n\t\t\t\t\t\t<\/div>\n\t\t\t\t<\/div>\n\t\t\t\t<\/div>\n\t\t<div class=\"elementor-element elementor-element-e3ac2f9 e-flex e-con-boxed e-con e-parent\" data-id=\"e3ac2f9\" data-element_type=\"container\" data-e-type=\"container\">\n\t\t\t\t\t<div class=\"e-con-inner\">\n\t\t<div class=\"elementor-element elementor-element-dd1e38f e-con-full e-flex e-con e-child\" data-id=\"dd1e38f\" data-element_type=\"container\" data-e-type=\"container\">\n\t\t\t\t<div class=\"elementor-element elementor-element-c4868db elementor-invisible elementor-widget elementor-widget-heading\" data-id=\"c4868db\" data-element_type=\"widget\" data-e-type=\"widget\" data-settings=\"{&quot;_animation&quot;:&quot;fadeInRight&quot;,&quot;_animation_delay&quot;:300}\" data-widget_type=\"heading.default\">\n\t\t\t\t<div class=\"elementor-widget-container\">\n\t\t\t\t\t<h2 class=\"elementor-heading-title elementor-size-default\">It all started with some back pain\n<\/h2>\t\t\t\t<\/div>\n\t\t\t\t<\/div>\n\t\t\t\t<div class=\"elementor-element elementor-element-c5a7cfa elementor-widget elementor-widget-heading\" data-id=\"c5a7cfa\" data-element_type=\"widget\" data-e-type=\"widget\" data-widget_type=\"heading.default\">\n\t\t\t\t<div class=\"elementor-widget-container\">\n\t\t\t\t\t<h2 class=\"elementor-heading-title elementor-size-default\">I'm a therapist, consultant as well as yoga teacher and have a deep curiosity for exploring the mind and inner dialogues that shape our behaviour and life experiences. \n<br><br>\nEssentially, it all started with some back issues. At the age of 18, I was suffering from back pains without any apparent cause. My grandmother introduced me to a series of yoga inspired stretches, which contributed to alleviating these pains. As of that point, there was no turning back.\n<br><br>\nSimple stretches turned into a real passion for yoga, through which I discovered mindfulness and sophrology. I started applying various principales in my daily life and rapidly noticed an improved quality of life. There was more abundance in all aspects of my life; I became happier, healthier and found deeper connections in all my relationships!\n<br><br>\nAs an academic, engineer and rational thinker, these discoveries were sometimes in contradiction to my formal education and background. However, ultimately, I decided on a drastic career change. My 9 to 5 environmental engineer job was left behind as I began to share the joy I'd discovered by following my passions.\n<br><br>I came to realise, that everything comes down to mindset. Everybody has the choice and capacity to create change in life.\n<br><br>\nWith a bit of persistance, proper guidance and desire to change, anything can be accomplished !\n\n<\/h2>\t\t\t\t<\/div>\n\t\t\t\t<\/div>\n\t\t\t\t<div class=\"elementor-element elementor-element-7dafa40 elementor-align-left elementor-widget elementor-widget-button\" data-id=\"7dafa40\" data-element_type=\"widget\" data-e-type=\"widget\" data-widget_type=\"button.default\">\n\t\t\t\t<div class=\"elementor-widget-container\">\n\t\t\t\t\t\t\t\t\t<div class=\"elementor-button-wrapper\">\n\t\t\t\t\t<a class=\"elementor-button elementor-button-link elementor-size-sm\" href=\"https:\/\/forrestfrequency.ch\/en\/sophrology-1-to-1\/\">\n\t\t\t\t\t\t<span class=\"elementor-button-content-wrapper\">\n\t\t\t\t\t\t\t\t\t<span class=\"elementor-button-text\">Let's create positive, lasting change together<\/span>\n\t\t\t\t\t<\/span>\n\t\t\t\t\t<\/a>\n\t\t\t\t<\/div>\n\t\t\t\t\t\t\t\t<\/div>\n\t\t\t\t<\/div>\n\t\t\t\t<\/div>\n\t\t<div class=\"elementor-element elementor-element-2059f03 e-con-full e-flex e-con e-child\" data-id=\"2059f03\" data-element_type=\"container\" data-e-type=\"container\" data-settings=\"{&quot;background_background&quot;:&quot;classic&quot;}\">\n\t\t\t\t<div class=\"elementor-element elementor-element-a7a43c2 elementor-widget elementor-widget-image\" data-id=\"a7a43c2\" data-element_type=\"widget\" data-e-type=\"widget\" data-widget_type=\"image.default\">\n\t\t\t\t<div class=\"elementor-widget-container\">\n\t\t\t\t\t\t\t\t\t\t\t\t\t\t\t<img fetchpriority=\"high\" decoding=\"async\" width=\"384\" height=\"512\" src=\"https:\/\/forrestfrequency.ch\/wp-content\/uploads\/2024\/10\/1000055224.jpg\" class=\"attachment-full size-full wp-image-2571\" alt=\"\" srcset=\"https:\/\/forrestfrequency.ch\/wp-content\/uploads\/2024\/10\/1000055224.jpg 384w, https:\/\/forrestfrequency.ch\/wp-content\/uploads\/2024\/10\/1000055224-225x300.jpg 225w, https:\/\/forrestfrequency.ch\/wp-content\/uploads\/2024\/10\/1000055224-9x12.jpg 9w\" sizes=\"(max-width: 384px) 100vw, 384px\" \/>\t\t\t\t\t\t\t\t\t\t\t\t\t\t\t<\/div>\n\t\t\t\t<\/div>\n\t\t\t\t<\/div>\n\t\t\t\t\t<\/div>\n\t\t\t\t<\/div>\n\t\t<div class=\"elementor-element elementor-element-1772b52 e-flex e-con-boxed e-con e-parent\" data-id=\"1772b52\" data-element_type=\"container\" data-e-type=\"container\">\n\t\t\t\t\t<div class=\"e-con-inner\">\n\t\t\t\t<div class=\"elementor-element elementor-element-54c1fc0 elementor-widget-divider--view-line elementor-widget elementor-widget-divider\" data-id=\"54c1fc0\" data-element_type=\"widget\" data-e-type=\"widget\" data-widget_type=\"divider.default\">\n\t\t\t\t<div class=\"elementor-widget-container\">\n\t\t\t\t\t\t\t<div class=\"elementor-divider\">\n\t\t\t<span class=\"elementor-divider-separator\">\n\t\t\t\t\t\t<\/span>\n\t\t<\/div>\n\t\t\t\t\t\t<\/div>\n\t\t\t\t<\/div>\n\t\t\t\t<div class=\"elementor-element elementor-element-6875809 elementor-widget elementor-widget-heading\" data-id=\"6875809\" data-element_type=\"widget\" data-e-type=\"widget\" data-widget_type=\"heading.default\">\n\t\t\t\t<div class=\"elementor-widget-container\">\n\t\t\t\t\t<h2 class=\"elementor-heading-title elementor-size-default\">\"Use your smile to change the world,\ndon't let the world change your smile.\"\n<\/h2>\t\t\t\t<\/div>\n\t\t\t\t<\/div>\n\t\t\t\t<div class=\"elementor-element elementor-element-ae35a8f elementor-widget elementor-widget-heading\" data-id=\"ae35a8f\" data-element_type=\"widget\" data-e-type=\"widget\" data-widget_type=\"heading.default\">\n\t\t\t\t<div class=\"elementor-widget-container\">\n\t\t\t\t\t<h2 class=\"elementor-heading-title elementor-size-default\">Chinese Proverb<\/h2>\t\t\t\t<\/div>\n\t\t\t\t<\/div>\n\t\t\t\t<div class=\"elementor-element elementor-element-00fbb82 elementor-widget-divider--view-line elementor-widget elementor-widget-divider\" data-id=\"00fbb82\" data-element_type=\"widget\" data-e-type=\"widget\" data-widget_type=\"divider.default\">\n\t\t\t\t<div class=\"elementor-widget-container\">\n\t\t\t\t\t\t\t<div class=\"elementor-divider\">\n\t\t\t<span class=\"elementor-divider-separator\">\n\t\t\t\t\t\t<\/span>\n\t\t<\/div>\n\t\t\t\t\t\t<\/div>\n\t\t\t\t<\/div>\n\t\t\t\t\t<\/div>\n\t\t\t\t<\/div>\n\t\t<div class=\"elementor-element elementor-element-dccc867 e-flex e-con-boxed e-con e-parent\" data-id=\"dccc867\" data-element_type=\"container\" data-e-type=\"container\" id=\"myvalues\">\n\t\t\t\t\t<div class=\"e-con-inner\">\n\t\t<div class=\"elementor-element elementor-element-0d92eda e-con-full e-flex e-con e-child\" data-id=\"0d92eda\" data-element_type=\"container\" data-e-type=\"container\" data-settings=\"{&quot;background_background&quot;:&quot;classic&quot;}\">\n\t\t\t\t<div class=\"elementor-element elementor-element-5b4560c elementor-widget elementor-widget-image\" data-id=\"5b4560c\" data-element_type=\"widget\" data-e-type=\"widget\" data-widget_type=\"image.default\">\n\t\t\t\t<div class=\"elementor-widget-container\">\n\t\t\t\t\t\t\t\t\t\t\t\t\t\t\t<img decoding=\"async\" width=\"624\" height=\"721\" src=\"https:\/\/forrestfrequency.ch\/wp-content\/uploads\/2023\/09\/23d3b8_9b8ca630035c446ba4e085ad84058cecmv2-e1695913022189.webp\" class=\"attachment-full size-full wp-image-216\" alt=\"Lausanne Sophrologie\" srcset=\"https:\/\/forrestfrequency.ch\/wp-content\/uploads\/2023\/09\/23d3b8_9b8ca630035c446ba4e085ad84058cecmv2-e1695913022189.webp 624w, https:\/\/forrestfrequency.ch\/wp-content\/uploads\/2023\/09\/23d3b8_9b8ca630035c446ba4e085ad84058cecmv2-e1695913022189-260x300.webp 260w, https:\/\/forrestfrequency.ch\/wp-content\/uploads\/2023\/09\/23d3b8_9b8ca630035c446ba4e085ad84058cecmv2-e1695913022189-10x12.webp 10w\" sizes=\"(max-width: 624px) 100vw, 624px\" \/>\t\t\t\t\t\t\t\t\t\t\t\t\t\t\t<\/div>\n\t\t\t\t<\/div>\n\t\t\t\t<\/div>\n\t\t<div class=\"elementor-element elementor-element-d96d581 e-con-full e-flex e-con e-child\" data-id=\"d96d581\" data-element_type=\"container\" data-e-type=\"container\">\n\t\t\t\t<div class=\"elementor-element elementor-element-5ef0b44 elementor-invisible elementor-widget elementor-widget-heading\" data-id=\"5ef0b44\" data-element_type=\"widget\" data-e-type=\"widget\" data-settings=\"{&quot;_animation&quot;:&quot;fadeInRight&quot;,&quot;_animation_delay&quot;:300}\" data-widget_type=\"heading.default\">\n\t\t\t\t<div class=\"elementor-widget-container\">\n\t\t\t\t\t<h2 class=\"elementor-heading-title elementor-size-default\">My Values<\/h2>\t\t\t\t<\/div>\n\t\t\t\t<\/div>\n\t\t\t\t<div class=\"elementor-element elementor-element-82a9ec3 elementor-widget elementor-widget-text-editor\" data-id=\"82a9ec3\" data-element_type=\"widget\" data-e-type=\"widget\" data-widget_type=\"text-editor.default\">\n\t\t\t\t<div class=\"elementor-widget-container\">\n\t\t\t\t\t\t\t\t\t<ul>\n<li><strong>Active listening and empathy :<\/strong>&nbsp;I do my utmost to make you feel heard, thanks to active, adjusted and respectful listening, as well as detailed and precise questions. The entire process is guided through empathy, enabling you to see that I understand your feelings, your words, your experience, without being in your shoes.<\/li>\n<\/ul>\n<ul>\n<li><strong>Kindness &amp; respect :<\/strong>&nbsp;I\u2019m here to listen and help you, in complete neutrality.<\/li>\n<li><strong>Trust :<\/strong>&nbsp;I always establish a relationship of mutual trust, based on the total confidentiality of our exchanges.<\/li>\n<li><strong>Commitment and sincerity :&nbsp;<\/strong>I\u2019m committed to supporting you to the best of my ability, using all my skills and experience to bring about the desired change.\nIf I identify that your problem is beyond my scope of expertise, I will share my questions with you in all sincerity, and guide you towards other professionals in my network who may be better placed to help you.<\/li>\n<li><strong>Adaptability :<\/strong>&nbsp;each session is tailored to the individual, his or her needs, desires and availability.<\/li>\n<li><strong>Expertise :<\/strong>&nbsp;I\u2019m constantly growing and continuing to learn and only practice in my own field.<\/li>\n<\/ul>\t\t\t\t\t\t\t\t<\/div>\n\t\t\t\t<\/div>\n\t\t\t\t<\/div>\n\t\t\t\t\t<\/div>\n\t\t\t\t<\/div>\n\t\t<div class=\"elementor-element elementor-element-6fa6f7b e-flex e-con-boxed e-con e-parent\" data-id=\"6fa6f7b\" data-element_type=\"container\" data-e-type=\"container\">\n\t\t\t\t\t<div class=\"e-con-inner\">\n\t\t<div class=\"elementor-element elementor-element-49d2d34 e-con-full e-flex e-con e-child\" data-id=\"49d2d34\" data-element_type=\"container\" data-e-type=\"container\">\n\t\t\t\t<div class=\"elementor-element elementor-element-5f235c2 elementor-invisible elementor-widget elementor-widget-heading\" data-id=\"5f235c2\" data-element_type=\"widget\" data-e-type=\"widget\" data-settings=\"{&quot;_animation&quot;:&quot;fadeInRight&quot;,&quot;_animation_delay&quot;:300}\" data-widget_type=\"heading.default\">\n\t\t\t\t<div class=\"elementor-widget-container\">\n\t\t\t\t\t<h2 class=\"elementor-heading-title elementor-size-default\">Some facts :<\/h2>\t\t\t\t<\/div>\n\t\t\t\t<\/div>\n\t\t\t\t<div class=\"elementor-element elementor-element-9f3b9eb elementor-widget elementor-widget-text-editor\" data-id=\"9f3b9eb\" data-element_type=\"widget\" data-e-type=\"widget\" data-widget_type=\"text-editor.default\">\n\t\t\t\t<div class=\"elementor-widget-container\">\n\t\t\t\t\t\t\t\t\t<ul><li>Growing up, home was a tiny village in Switzerland, I often miss the sounds of cow bells in the distance.<\/li><li>With a background in environmental engineering, I\u2019ve worked for large multinational companies as well as small local NGOs in 7 different countries throughout Europe, Asia and Africa.<\/li><li>Creative at heart, I enjoy taking time to play music, paint or do artsy workshops.<\/li><li>Constantly curious, I\u2019m passionate about the unknown. I enjoy going out of my way to try something new, whether it\u2019s trying a new recipe, meeting new people or discovering a different culture. I firmly believe that getting out of our comfort zone is one of the best ways to grow as a person.<\/li><\/ul>\t\t\t\t\t\t\t\t<\/div>\n\t\t\t\t<\/div>\n\t\t\t\t<div class=\"elementor-element elementor-element-d28a9ab elementor-invisible elementor-widget elementor-widget-heading\" data-id=\"d28a9ab\" data-element_type=\"widget\" data-e-type=\"widget\" data-settings=\"{&quot;_animation&quot;:&quot;fadeInRight&quot;,&quot;_animation_delay&quot;:300}\" data-widget_type=\"heading.default\">\n\t\t\t\t<div class=\"elementor-widget-container\">\n\t\t\t\t\t<h2 class=\"elementor-heading-title elementor-size-default\">Certifications<\/h2>\t\t\t\t<\/div>\n\t\t\t\t<\/div>\n\t\t\t\t<div class=\"elementor-element elementor-element-734fa7d elementor-widget elementor-widget-heading\" data-id=\"734fa7d\" data-element_type=\"widget\" data-e-type=\"widget\" data-widget_type=\"heading.default\">\n\t\t\t\t<div class=\"elementor-widget-container\">\n\t\t\t\t\t<h2 class=\"elementor-heading-title elementor-size-default\">\u2022  Graines d'\u00e9veil, The art of asking questions, Switzerland - 2024\n<br><br>\n\u2022  Graines d'\u00e9veil, Base en PNL, Switzerland - 2023\n<br><br>\n\u2022  ISY, Switzerland: Sophrology Certification - 2021 to 2022\n<br><br>\n\u2022  Pratham Yoga, India: 200 hours YTTC - 2020\n<br><br>\n\u2022  Acad\u00e9mie Sonore Suisse, Certification Sound Bath - 2019\n<br><br>\n\u2022  DTU, Danemark: Master in Environmental Engineering - 2015 to 2017\n<br><br>\n\u2022  HZ University, The Netherlands: Bachelor in Water management - 2010 to 2014\n\n\n\n\n\n\n<\/h2>\t\t\t\t<\/div>\n\t\t\t\t<\/div>\n\t\t\t\t<\/div>\n\t\t<div class=\"elementor-element elementor-element-a30a850 e-flex e-con-boxed e-con e-child\" data-id=\"a30a850\" data-element_type=\"container\" data-e-type=\"container\" data-settings=\"{&quot;background_background&quot;:&quot;classic&quot;}\">\n\t\t\t\t\t<div class=\"e-con-inner\">\n\t\t\t\t<div class=\"elementor-element elementor-element-74ef7d8 elementor-widget elementor-widget-image\" data-id=\"74ef7d8\" data-element_type=\"widget\" data-e-type=\"widget\" data-widget_type=\"image.default\">\n\t\t\t\t<div class=\"elementor-widget-container\">\n\t\t\t\t\t\t\t\t\t\t\t\t\t\t\t<img decoding=\"async\" width=\"660\" height=\"785\" src=\"https:\/\/forrestfrequency.ch\/wp-content\/uploads\/2023\/09\/23d3b8_efa7f6c1327b414ebe75fade86650c3bmv2.webp\" class=\"attachment-full size-full wp-image-217\" alt=\"\" srcset=\"https:\/\/forrestfrequency.ch\/wp-content\/uploads\/2023\/09\/23d3b8_efa7f6c1327b414ebe75fade86650c3bmv2.webp 660w, https:\/\/forrestfrequency.ch\/wp-content\/uploads\/2023\/09\/23d3b8_efa7f6c1327b414ebe75fade86650c3bmv2-252x300.webp 252w\" sizes=\"(max-width: 660px) 100vw, 660px\" \/>\t\t\t\t\t\t\t\t\t\t\t\t\t\t\t<\/div>\n\t\t\t\t<\/div>\n\t\t\t\t\t<\/div>\n\t\t\t\t<\/div>\n\t\t\t\t\t<\/div>\n\t\t\t\t<\/div>\n\t\t\t\t<\/div>","protected":false},"excerpt":{"rendered":"<p>\u00c0 PROPOS Tout a commenc\u00e9 avec un mal de dos Th\u00e9rapeute, consultant et professeur de yoga, j&rsquo;ai une profonde curiosit\u00e9 pour l&rsquo;exploration de l&rsquo;esprit et des dialogues int\u00e9rieurs qui fa\u00e7onnent notre comportement et nos exp\u00e9riences de vie. Essentiellement, tout a commenc\u00e9 par des probl\u00e8mes de dos. \u00c0 l&rsquo;\u00e2ge de 18 ans, je souffrais de douleurs [&hellip;]<\/p>\n","protected":false},"author":2,"featured_media":0,"parent":0,"menu_order":0,"comment_status":"closed","ping_status":"closed","template":"elementor_header_footer","meta":{"_monsterinsights_skip_tracking":false,"_monsterinsights_sitenote_active":false,"_monsterinsights_sitenote_note":"","_monsterinsights_sitenote_category":0,"footnotes":""},"class_list":["post-193","page","type-page","status-publish","hentry"],"_links":{"self":[{"href":"https:\/\/forrestfrequency.ch\/en\/wp-json\/wp\/v2\/pages\/193","targetHints":{"allow":["GET"]}}],"collection":[{"href":"https:\/\/forrestfrequency.ch\/en\/wp-json\/wp\/v2\/pages"}],"about":[{"href":"https:\/\/forrestfrequency.ch\/en\/wp-json\/wp\/v2\/types\/page"}],"author":[{"embeddable":true,"href":"https:\/\/forrestfrequency.ch\/en\/wp-json\/wp\/v2\/users\/2"}],"replies":[{"embeddable":true,"href":"https:\/\/forrestfrequency.ch\/en\/wp-json\/wp\/v2\/comments?post=193"}],"version-history":[{"count":5,"href":"https:\/\/forrestfrequency.ch\/en\/wp-json\/wp\/v2\/pages\/193\/revisions"}],"predecessor-version":[{"id":3038,"href":"https:\/\/forrestfrequency.ch\/en\/wp-json\/wp\/v2\/pages\/193\/revisions\/3038"}],"wp:attachment":[{"href":"https:\/\/forrestfrequency.ch\/en\/wp-json\/wp\/v2\/media?parent=193"}],"curies":[{"name":"wp","href":"https:\/\/api.w.org\/{rel}","templated":true}]}}